{"id":384,"date":"2026-01-06T14:25:57","date_gmt":"2026-01-06T13:25:57","guid":{"rendered":"https:\/\/css13.pl\/?post_type=product&#038;p=384"},"modified":"2026-01-06T14:26:05","modified_gmt":"2026-01-06T13:26:05","slug":"filtr-paliwa","status":"publish","type":"product","link":"https:\/\/css13.pl\/en\/product\/filtr-paliwa\/","title":{"rendered":"Fuel filter"},"content":{"rendered":"","protected":false},"excerpt":{"rendered":"<p><span class=\"ng-star-inserted\">Oryginalny wk\u0142ad siatkowy montowany wewn\u0105trz odstojnika paliwa samolotu CSS-13, s\u0142u\u017c\u0105cy do ko\u0144cowego oczyszczania paliwa z drobnych zanieczyszcze\u0144.[<\/span><a class=\"ng-star-inserted\" href=\"https:\/\/www.google.com\/url?sa=E&amp;q=https%3A%2F%2Fvertexaisearch.cloud.google.com%2Fgrounding-api-redirect%2FAUZIYQF1vz5efpaOBcNIjxB04WVAImaTWUBjmt1TTOt3PmViugad6yx0cQ_BdtyAuXAoR7NqBV03kYuCH-C7M6jMuy8eN2tZastEwUnhFWkaDG5oGEarCNUsWmNtVyLPHSl1HT8AnVG0WRTfBtz1gV4ibee0Aklj3I9sELU92g%3D%3D\" target=\"_blank\" rel=\"noopener\"><span class=\"ng-star-inserted\">1<\/span><\/a><span class=\"ng-star-inserted\">] Wykonany z mosi\u0119\u017cnej lub stalowej ramy z naci\u0105gni\u0119t\u0105 g\u0119st\u0105 siatk\u0105 drucian\u0105, zako\u0144czony gwintowan\u0105 podstaw\u0105 z sze\u015bciok\u0105tnym \u0142bem do monta\u017cu.<\/span><\/p>\n","protected":false},"featured_media":385,"template":"","meta":{"site-sidebar-layout":"default","site-content-layout":"","ast-site-content-layout":"default","site-content-style":"default","site-sidebar-style":"default","ast-global-header-display":"","ast-banner-title-visibility":"","ast-main-header-display":"","ast-hfb-above-header-display":"","ast-hfb-below-header-display":"","ast-hfb-mobile-header-display":"","site-post-title":"","ast-breadcrumbs-content":"","ast-featured-img":"","footer-sml-layout":"","ast-disable-related-posts":"","theme-transparent-header-meta":"default","adv-header-id-meta":"","stick-header-meta":"","header-above-stick-meta":"","header-main-stick-meta":"","header-below-stick-meta":"","astra-migrate-meta-layouts":"set","ast-page-background-enabled":"default","ast-page-background-meta":{"desktop":{"background-color":"var(--ast-global-color-5)","background-image":"","background-repeat":"repeat","background-position":"center center","background-size":"auto","background-attachment":"scroll","background-type":"","background-media":"","overlay-type":"","overlay-color":"","overlay-opacity":"","overlay-gradient":""},"tablet":{"background-color":"","background-image":"","background-repeat":"repeat","background-position":"center center","background-size":"auto","background-attachment":"scroll","background-type":"","background-media":"","overlay-type":"","overlay-color":"","overlay-opacity":"","overlay-gradient":""},"mobile":{"background-color":"","background-image":"","background-repeat":"repeat","background-position":"center center","background-size":"auto","background-attachment":"scroll","background-type":"","background-media":"","overlay-type":"","overlay-color":"","overlay-opacity":"","overlay-gradient":""}},"ast-content-background-meta":{"desktop":{"background-color":"var(--ast-global-color-4)","background-image":"","background-repeat":"repeat","background-position":"center center","background-size":"auto","background-attachment":"scroll","background-type":"","background-media":"","overlay-type":"","overlay-color":"","overlay-opacity":"","overlay-gradient":""},"tablet":{"background-color":"var(--ast-global-color-4)","background-image":"","background-repeat":"repeat","background-position":"center center","background-size":"auto","background-attachment":"scroll","background-type":"","background-media":"","overlay-type":"","overlay-color":"","overlay-opacity":"","overlay-gradient":""},"mobile":{"background-color":"var(--ast-global-color-4)","background-image":"","background-repeat":"repeat","background-position":"center center","background-size":"auto","background-attachment":"scroll","background-type":"","background-media":"","overlay-type":"","overlay-color":"","overlay-opacity":"","overlay-gradient":""}}},"product_brand":[],"product_cat":[39],"product_tag":[],"class_list":{"0":"post-384","1":"product","2":"type-product","3":"status-publish","4":"has-post-thumbnail","6":"product_cat-czesci-do-samolotow-zabytkowych","7":"desktop-align-left","8":"tablet-align-left","9":"mobile-align-left","11":"first","12":"instock","13":"shipping-taxable","14":"product-type-simple"},"_links":{"self":[{"href":"https:\/\/css13.pl\/en\/wp-json\/wp\/v2\/product\/384","targetHints":{"allow":["GET"]}}],"collection":[{"href":"https:\/\/css13.pl\/en\/wp-json\/wp\/v2\/product"}],"about":[{"href":"https:\/\/css13.pl\/en\/wp-json\/wp\/v2\/types\/product"}],"wp:featuredmedia":[{"embeddable":true,"href":"https:\/\/css13.pl\/en\/wp-json\/wp\/v2\/media\/385"}],"wp:attachment":[{"href":"https:\/\/css13.pl\/en\/wp-json\/wp\/v2\/media?parent=384"}],"wp:term":[{"taxonomy":"product_brand","embeddable":true,"href":"https:\/\/css13.pl\/en\/wp-json\/wp\/v2\/product_brand?post=384"},{"taxonomy":"product_cat","embeddable":true,"href":"https:\/\/css13.pl\/en\/wp-json\/wp\/v2\/product_cat?post=384"},{"taxonomy":"product_tag","embeddable":true,"href":"https:\/\/css13.pl\/en\/wp-json\/wp\/v2\/product_tag?post=384"}],"curies":[{"name":"wp","href":"https:\/\/api.w.org\/{rel}","templated":true}]}}